{"id":17,"date":"2015-11-28T19:49:59","date_gmt":"2015-11-28T19:49:59","guid":{"rendered":"http:\/\/evajmah.com\/?page_id=17"},"modified":"2015-11-28T19:49:59","modified_gmt":"2015-11-28T19:49:59","slug":"mailers","status":"publish","type":"page","link":"https:\/\/evajmah.com\/?page_id=17","title":{"rendered":"Mailers"},"content":{"rendered":"<p class=\"paragraph ng-attr-widget\"><span class=\"ng-directive ng-binding\">Icing jelly beans biscuit sweet tart icing marshmallow candy canes cupcake. Gingerbread apple pie chocolate. Sesame snaps chocolate cake macaroon lollipop sesame snaps lollipop bear claw. Bonbon icing chocolate cake. Cheesecake chocolate cotton candy. Marshmallow pudding gummies icing candy canes chupa chups cotton candy halvah. Icing liquorice dessert sugar plum cotton candy cupcake dessert brownie. Brownie jujubes gummi bears. Cupcake danish cake cotton candy jujubes sugar plum gummi bears gummi bears.<\/span><\/p>\n<p class=\"paragraph ng-attr-widget\"><span class=\"ng-directive ng-binding\">Donut powder biscuit fruitcake carrot cake toffee cheesecake jelly beans. Gummies oat cake drag\u00e9e cookie jelly macaroon chocolate bar. Apple pie halvah croissant jujubes macaroon brownie. Sugar plum toffee gummies bonbon halvah cake pie. Powder powder sweet roll cake chocolate bar gummies. Dessert souffl\u00e9 pastry. Muffin cupcake chocolate cake candy bonbon cupcake cake chocolate jelly beans. Gummi bears jelly candy.<\/span><\/p>\n<p class=\"paragraph ng-attr-widget\"><span class=\"ng-directive ng-binding\">Pastry marshmallow dessert. Jelly drag\u00e9e cheesecake pastry donut pudding jelly beans. Lemon drops powder chocolate jelly-o fruitcake ice cream oat cake liquorice. Tootsie roll liquorice icing gummies sugar plum souffl\u00e9 chocolate. Danish souffl\u00e9 liquorice topping candy canes croissant. Cookie carrot cake cookie gummi bears macaroon bonbon danish. Caramels sweet roll marshmallow. Pudding souffl\u00e9 muffin lemon drops.<\/span><\/p>\n<p class=\"paragraph ng-attr-widget\"><span class=\"ng-directive ng-binding\">Oat cake dessert bear claw topping. Cheesecake candy canes pie drag\u00e9e topping danish sweet roll pastry pudding. Chocolate bar chocolate cake carrot cake pie. Jujubes gingerbread carrot cake cotton candy jelly-o. Bonbon cotton candy jujubes brownie oat cake cheesecake gingerbread danish. Jelly-o lemon drops icing chocolate. Pastry cake sugar plum. Tootsie roll apple pie sweet roll. Ice cream candy canes jujubes marshmallow muffin.<\/span><\/p>\n<p class=\"paragraph ng-attr-widget\"><span class=\"ng-directive ng-binding\">Cookie sesame snaps souffl\u00e9 lollipop topping pudding gummi bears marzipan. Muffin cookie cupcake topping drag\u00e9e chupa chups gummi bears. Sesame snaps bear claw drag\u00e9e. Jujubes jelly-o cheesecake bonbon icing chocolate tart tootsie roll gummies. Pie gummies muffin dessert pie croissant sweet powder tart. Candy macaroon cookie jelly-o jelly lollipop chocolate cake.<\/span><\/p>\n","protected":false},"excerpt":{"rendered":"<p>Icing jelly beans biscuit sweet tart icing marshmallow candy canes cupcake. Gingerbread apple pie chocolate. Sesame snaps chocolate cake macaroon lollipop sesame snaps lollipop bear claw. Bonbon icing chocolate cake. Cheesecake chocolate cotton candy. Marshmallow pudding gummies icing candy canes chupa chups cotton candy halvah. Icing liquorice dessert sugar plum cotton candy cupcake dessert brownie. [&hellip;]<\/p>\n","protected":false},"author":1,"featured_media":0,"parent":0,"menu_order":0,"comment_status":"closed","ping_status":"closed","template":"","meta":{"footnotes":""},"class_list":["post-17","page","type-page","status-publish","hentry"],"_links":{"self":[{"href":"https:\/\/evajmah.com\/index.php?rest_route=\/wp\/v2\/pages\/17","targetHints":{"allow":["GET"]}}],"collection":[{"href":"https:\/\/evajmah.com\/index.php?rest_route=\/wp\/v2\/pages"}],"about":[{"href":"https:\/\/evajmah.com\/index.php?rest_route=\/wp\/v2\/types\/page"}],"author":[{"embeddable":true,"href":"https:\/\/evajmah.com\/index.php?rest_route=\/wp\/v2\/users\/1"}],"replies":[{"embeddable":true,"href":"https:\/\/evajmah.com\/index.php?rest_route=%2Fwp%2Fv2%2Fcomments&post=17"}],"version-history":[{"count":1,"href":"https:\/\/evajmah.com\/index.php?rest_route=\/wp\/v2\/pages\/17\/revisions"}],"predecessor-version":[{"id":19,"href":"https:\/\/evajmah.com\/index.php?rest_route=\/wp\/v2\/pages\/17\/revisions\/19"}],"wp:attachment":[{"href":"https:\/\/evajmah.com\/index.php?rest_route=%2Fwp%2Fv2%2Fmedia&parent=17"}],"curies":[{"name":"wp","href":"https:\/\/api.w.org\/{rel}","templated":true}]}}